{"id":347,"date":"2025-02-02T22:34:14","date_gmt":"2025-02-02T22:34:14","guid":{"rendered":"https:\/\/zlobekminimi.pl\/?page_id=347"},"modified":"2025-06-10T08:44:10","modified_gmt":"2025-06-10T08:44:10","slug":"cennik","status":"publish","type":"page","link":"https:\/\/zlobekminimi.pl\/index.php\/cennik\/","title":{"rendered":"Cennik"},"content":{"rendered":"\t\t<div data-elementor-type=\"wp-page\" data-elementor-id=\"347\" class=\"elementor elementor-347\">\n\t\t\t\t<div class=\"elementor-element elementor-element-29c32b0 e-flex e-con-boxed e-con e-parent\" data-id=\"29c32b0\" data-element_type=\"container\" data-settings=\"{&quot;background_background&quot;:&quot;classic&quot;}\">\n\t\t\t\t\t<div class=\"e-con-inner\">\n\t\t\t\t<div class=\"elementor-element elementor-element-3985e67 elementor-widget elementor-widget-heading\" data-id=\"3985e67\" data-element_type=\"widget\" data-widget_type=\"heading.default\">\n\t\t\t\t<div class=\"elementor-widget-container\">\n\t\t\t\t\t<h1 class=\"elementor-heading-title elementor-size-default\">\u017b\u0142obek Minimi<\/h1>\t\t\t\t<\/div>\n\t\t\t\t<\/div>\n\t\t\t\t<div class=\"elementor-element elementor-element-90ae67f elementor-widget__width-initial elementor-widget elementor-widget-elementskit-heading\" data-id=\"90ae67f\" data-element_type=\"widget\" data-widget_type=\"elementskit-heading.default\">\n\t\t\t\t<div class=\"elementor-widget-container\">\n\t\t\t\t\t<div class=\"ekit-wid-con\" ><div class=\"ekit-heading elementskit-section-title-wraper text_center   ekit_heading_tablet-   ekit_heading_mobile-\"><h2 class=\"ekit-heading--title elementskit-section-title \">Cennik<\/h2><\/div><\/div>\t\t\t\t<\/div>\n\t\t\t\t<\/div>\n\t\t\t\t\t<\/div>\n\t\t\t\t<\/div>\n\t\t<div class=\"elementor-element elementor-element-d35d5d1 e-flex e-con-boxed e-con e-parent\" data-id=\"d35d5d1\" data-element_type=\"container\">\n\t\t\t\t\t<div class=\"e-con-inner\">\n\t\t<div class=\"elementor-element elementor-element-88999c4 e-con-full e-flex e-con e-child\" data-id=\"88999c4\" data-element_type=\"container\">\n\t\t<div class=\"elementor-element elementor-element-c6021f1 e-con-full e-flex e-con e-child\" data-id=\"c6021f1\" data-element_type=\"container\">\n\t\t<div class=\"elementor-element elementor-element-6dca192 e-con-full e-flex e-con e-child\" data-id=\"6dca192\" data-element_type=\"container\" data-settings=\"{&quot;background_background&quot;:&quot;classic&quot;}\">\n\t\t\t\t<div class=\"elementor-element elementor-element-37be900 elementor-widget elementor-widget-spacer\" data-id=\"37be900\" data-element_type=\"widget\" data-widget_type=\"spacer.default\">\n\t\t\t\t<div class=\"elementor-widget-container\">\n\t\t\t\t\t\t\t<div class=\"elementor-spacer\">\n\t\t\t<div class=\"elementor-spacer-inner\"><\/div>\n\t\t<\/div>\n\t\t\t\t\t\t<\/div>\n\t\t\t\t<\/div>\n\t\t\t\t<div class=\"elementor-element elementor-element-34cc8af elementor-widget elementor-widget-heading\" data-id=\"34cc8af\" data-element_type=\"widget\" data-widget_type=\"heading.default\">\n\t\t\t\t<div class=\"elementor-widget-container\">\n\t\t\t\t\t<h1 class=\"elementor-heading-title elementor-size-default\">Cennik<\/h1>\t\t\t\t<\/div>\n\t\t\t\t<\/div>\n\t\t\t\t<div class=\"elementor-element elementor-element-fc16a89 elementor-widget__width-initial elementor-widget elementor-widget-elementskit-heading\" data-id=\"fc16a89\" data-element_type=\"widget\" data-widget_type=\"elementskit-heading.default\">\n\t\t\t\t<div class=\"elementor-widget-container\">\n\t\t\t\t\t<div class=\"ekit-wid-con\" ><div class=\"ekit-heading elementskit-section-title-wraper text_left   ekit_heading_tablet-   ekit_heading_mobile-\"><h4 class=\"ekit-heading--title elementskit-section-title \">Jednorazowa op\u0142ata rekrutacyjna<\/h4><\/div><\/div>\t\t\t\t<\/div>\n\t\t\t\t<\/div>\n\t\t\t\t<div class=\"elementor-element elementor-element-c85ad89 elementor-widget elementor-widget-heading\" data-id=\"c85ad89\" data-element_type=\"widget\" data-widget_type=\"heading.default\">\n\t\t\t\t<div class=\"elementor-widget-container\">\n\t\t\t\t\t<h1 class=\"elementor-heading-title elementor-size-default\">1000 z\u0142<\/h1>\t\t\t\t<\/div>\n\t\t\t\t<\/div>\n\t\t\t\t<\/div>\n\t\t<div class=\"elementor-element elementor-element-75fd4e5 e-con-full e-flex e-con e-child\" data-id=\"75fd4e5\" data-element_type=\"container\" data-settings=\"{&quot;background_background&quot;:&quot;classic&quot;}\">\n\t\t\t\t<div class=\"elementor-element elementor-element-e0d37c3 elementor-widget elementor-widget-spacer\" data-id=\"e0d37c3\" data-element_type=\"widget\" data-widget_type=\"spacer.default\">\n\t\t\t\t<div class=\"elementor-widget-container\">\n\t\t\t\t\t\t\t<div class=\"elementor-spacer\">\n\t\t\t<div class=\"elementor-spacer-inner\"><\/div>\n\t\t<\/div>\n\t\t\t\t\t\t<\/div>\n\t\t\t\t<\/div>\n\t\t\t\t<div class=\"elementor-element elementor-element-82460aa elementor-widget elementor-widget-heading\" data-id=\"82460aa\" data-element_type=\"widget\" data-widget_type=\"heading.default\">\n\t\t\t\t<div class=\"elementor-widget-container\">\n\t\t\t\t\t<h1 class=\"elementor-heading-title elementor-size-default\">Cennik<\/h1>\t\t\t\t<\/div>\n\t\t\t\t<\/div>\n\t\t\t\t<div class=\"elementor-element elementor-element-7f6b9ad elementor-widget__width-initial elementor-widget elementor-widget-elementskit-heading\" data-id=\"7f6b9ad\" data-element_type=\"widget\" data-widget_type=\"elementskit-heading.default\">\n\t\t\t\t<div class=\"elementor-widget-container\">\n\t\t\t\t\t<div class=\"ekit-wid-con\" ><div class=\"ekit-heading elementskit-section-title-wraper text_left   ekit_heading_tablet-   ekit_heading_mobile-\"><h4 class=\"ekit-heading--title elementskit-section-title \">Czesne<\/h4><\/div><\/div>\t\t\t\t<\/div>\n\t\t\t\t<\/div>\n\t\t\t\t<div class=\"elementor-element elementor-element-9c70d99 elementor-widget elementor-widget-heading\" data-id=\"9c70d99\" data-element_type=\"widget\" data-widget_type=\"heading.default\">\n\t\t\t\t<div class=\"elementor-widget-container\">\n\t\t\t\t\t<h1 class=\"elementor-heading-title elementor-size-default\">106 z\u0142<\/h1>\t\t\t\t<\/div>\n\t\t\t\t<\/div>\n\t\t\t\t<div class=\"elementor-element elementor-element-a93e608 elementor-widget elementor-widget-text-editor\" data-id=\"a93e608\" data-element_type=\"widget\" data-widget_type=\"text-editor.default\">\n\t\t\t\t<div class=\"elementor-widget-container\">\n\t\t\t\t\t\t\t\t\t<p>(* przy otrzymaniu dotacji &#8222;Aktywny Maluch: oraz &#8222;Aktywnie w \u017c\u0142obku&#8221;)<\/p>\t\t\t\t\t\t\t\t<\/div>\n\t\t\t\t<\/div>\n\t\t\t\t<\/div>\n\t\t\t\t<\/div>\n\t\t<div class=\"elementor-element elementor-element-9dc7bc3 e-con-full e-flex e-con e-child\" data-id=\"9dc7bc3\" data-element_type=\"container\">\n\t\t<div class=\"elementor-element elementor-element-5f63da8 e-con-full e-flex e-con e-child\" data-id=\"5f63da8\" data-element_type=\"container\" data-settings=\"{&quot;background_background&quot;:&quot;classic&quot;}\">\n\t\t\t\t<div class=\"elementor-element elementor-element-614abe6 elementor-widget elementor-widget-spacer\" data-id=\"614abe6\" data-element_type=\"widget\" data-widget_type=\"spacer.default\">\n\t\t\t\t<div class=\"elementor-widget-container\">\n\t\t\t\t\t\t\t<div class=\"elementor-spacer\">\n\t\t\t<div class=\"elementor-spacer-inner\"><\/div>\n\t\t<\/div>\n\t\t\t\t\t\t<\/div>\n\t\t\t\t<\/div>\n\t\t\t\t<div class=\"elementor-element elementor-element-c1ca7fb elementor-widget elementor-widget-heading\" data-id=\"c1ca7fb\" data-element_type=\"widget\" data-widget_type=\"heading.default\">\n\t\t\t\t<div class=\"elementor-widget-container\">\n\t\t\t\t\t<h1 class=\"elementor-heading-title elementor-size-default\">Cennik<\/h1>\t\t\t\t<\/div>\n\t\t\t\t<\/div>\n\t\t\t\t<div class=\"elementor-element elementor-element-b839baa elementor-widget__width-initial elementor-widget elementor-widget-elementskit-heading\" data-id=\"b839baa\" data-element_type=\"widget\" data-widget_type=\"elementskit-heading.default\">\n\t\t\t\t<div class=\"elementor-widget-container\">\n\t\t\t\t\t<div class=\"ekit-wid-con\" ><div class=\"ekit-heading elementskit-section-title-wraper text_left   ekit_heading_tablet-   ekit_heading_mobile-\"><h4 class=\"ekit-heading--title elementskit-section-title \">Stawka \u017cywieniowa za dzie\u0144<\/h4><\/div><\/div>\t\t\t\t<\/div>\n\t\t\t\t<\/div>\n\t\t\t\t<div class=\"elementor-element elementor-element-5559949 elementor-widget elementor-widget-heading\" data-id=\"5559949\" data-element_type=\"widget\" data-widget_type=\"heading.default\">\n\t\t\t\t<div class=\"elementor-widget-container\">\n\t\t\t\t\t<h1 class=\"elementor-heading-title elementor-size-default\">28,50 z\u0142<\/h1>\t\t\t\t<\/div>\n\t\t\t\t<\/div>\n\t\t\t\t<\/div>\n\t\t<div class=\"elementor-element elementor-element-c8a8892 e-con-full e-flex e-con e-child\" data-id=\"c8a8892\" data-element_type=\"container\" data-settings=\"{&quot;background_background&quot;:&quot;classic&quot;}\">\n\t\t\t\t<div class=\"elementor-element elementor-element-4919b36 elementor-widget elementor-widget-spacer\" data-id=\"4919b36\" data-element_type=\"widget\" data-widget_type=\"spacer.default\">\n\t\t\t\t<div class=\"elementor-widget-container\">\n\t\t\t\t\t\t\t<div class=\"elementor-spacer\">\n\t\t\t<div class=\"elementor-spacer-inner\"><\/div>\n\t\t<\/div>\n\t\t\t\t\t\t<\/div>\n\t\t\t\t<\/div>\n\t\t\t\t<div class=\"elementor-element elementor-element-7b3da68 elementor-widget elementor-widget-heading\" data-id=\"7b3da68\" data-element_type=\"widget\" data-widget_type=\"heading.default\">\n\t\t\t\t<div class=\"elementor-widget-container\">\n\t\t\t\t\t<h1 class=\"elementor-heading-title elementor-size-default\">Cennik<\/h1>\t\t\t\t<\/div>\n\t\t\t\t<\/div>\n\t\t\t\t<div class=\"elementor-element elementor-element-e7b471a elementor-widget__width-initial elementor-widget elementor-widget-elementskit-heading\" data-id=\"e7b471a\" data-element_type=\"widget\" data-widget_type=\"elementskit-heading.default\">\n\t\t\t\t<div class=\"elementor-widget-container\">\n\t\t\t\t\t<div class=\"ekit-wid-con\" ><div class=\"ekit-heading elementskit-section-title-wraper text_left   ekit_heading_tablet-   ekit_heading_mobile-\"><h4 class=\"ekit-heading--title elementskit-section-title \">Dieta<\/h4><\/div><\/div>\t\t\t\t<\/div>\n\t\t\t\t<\/div>\n\t\t\t\t<div class=\"elementor-element elementor-element-0a8c711 elementor-widget elementor-widget-heading\" data-id=\"0a8c711\" data-element_type=\"widget\" data-widget_type=\"heading.default\">\n\t\t\t\t<div class=\"elementor-widget-container\">\n\t\t\t\t\t<h1 class=\"elementor-heading-title elementor-size-default\">29,50 z\u0142<\/h1>\t\t\t\t<\/div>\n\t\t\t\t<\/div>\n\t\t\t\t<\/div>\n\t\t\t\t<\/div>\n\t\t<div class=\"elementor-element elementor-element-15f64d6 e-con-full e-flex e-con e-child\" data-id=\"15f64d6\" data-element_type=\"container\">\n\t\t<div class=\"elementor-element elementor-element-54e180f e-con-full e-flex e-con e-child\" data-id=\"54e180f\" data-element_type=\"container\" data-settings=\"{&quot;background_background&quot;:&quot;classic&quot;}\">\n\t\t\t\t<div class=\"elementor-element elementor-element-4dd8b6c elementor-widget elementor-widget-spacer\" data-id=\"4dd8b6c\" data-element_type=\"widget\" data-widget_type=\"spacer.default\">\n\t\t\t\t<div class=\"elementor-widget-container\">\n\t\t\t\t\t\t\t<div class=\"elementor-spacer\">\n\t\t\t<div class=\"elementor-spacer-inner\"><\/div>\n\t\t<\/div>\n\t\t\t\t\t\t<\/div>\n\t\t\t\t<\/div>\n\t\t\t\t<div class=\"elementor-element elementor-element-7a3693e elementor-widget elementor-widget-heading\" data-id=\"7a3693e\" data-element_type=\"widget\" data-widget_type=\"heading.default\">\n\t\t\t\t<div class=\"elementor-widget-container\">\n\t\t\t\t\t<h1 class=\"elementor-heading-title elementor-size-default\">Cennik<\/h1>\t\t\t\t<\/div>\n\t\t\t\t<\/div>\n\t\t\t\t<div class=\"elementor-element elementor-element-cc6bbb5 elementor-widget__width-initial elementor-widget elementor-widget-elementskit-heading\" data-id=\"cc6bbb5\" data-element_type=\"widget\" data-widget_type=\"elementskit-heading.default\">\n\t\t\t\t<div class=\"elementor-widget-container\">\n\t\t\t\t\t<div class=\"ekit-wid-con\" ><div class=\"ekit-heading elementskit-section-title-wraper text_left   ekit_heading_tablet-   ekit_heading_mobile-\"><h4 class=\"ekit-heading--title elementskit-section-title \">Pakiet zaj\u0119\u0107<\/h4><\/div><\/div>\t\t\t\t<\/div>\n\t\t\t\t<\/div>\n\t\t\t\t<div class=\"elementor-element elementor-element-e2e2e98 elementor-widget elementor-widget-heading\" data-id=\"e2e2e98\" data-element_type=\"widget\" data-widget_type=\"heading.default\">\n\t\t\t\t<div class=\"elementor-widget-container\">\n\t\t\t\t\t<h1 class=\"elementor-heading-title elementor-size-default\">400 z\u0142 <\/h1>\t\t\t\t<\/div>\n\t\t\t\t<\/div>\n\t\t\t\t<\/div>\n\t\t<div class=\"elementor-element elementor-element-c85f448 e-con-full e-flex e-con e-child\" data-id=\"c85f448\" data-element_type=\"container\" data-settings=\"{&quot;background_background&quot;:&quot;classic&quot;}\">\n\t\t\t\t<div class=\"elementor-element elementor-element-eb6f3a9 elementor-view-default elementor-widget elementor-widget-icon\" data-id=\"eb6f3a9\" data-element_type=\"widget\" data-widget_type=\"icon.default\">\n\t\t\t\t<div class=\"elementor-widget-container\">\n\t\t\t\t\t\t\t<div class=\"elementor-icon-wrapper\">\n\t\t\t<div class=\"elementor-icon\">\n\t\t\t<svg aria-hidden=\"true\" class=\"e-font-icon-svg e-fas-info-circle\" viewBox=\"0 0 512 512\" xmlns=\"http:\/\/www.w3.org\/2000\/svg\"><path d=\"M256 8C119.043 8 8 119.083 8 256c0 136.997 111.043 248 248 248s248-111.003 248-248C504 119.083 392.957 8 256 8zm0 110c23.196 0 42 18.804 42 42s-18.804 42-42 42-42-18.804-42-42 18.804-42 42-42zm56 254c0 6.627-5.373 12-12 12h-88c-6.627 0-12-5.373-12-12v-24c0-6.627 5.373-12 12-12h12v-64h-12c-6.627 0-12-5.373-12-12v-24c0-6.627 5.373-12 12-12h64c6.627 0 12 5.373 12 12v100h12c6.627 0 12 5.373 12 12v24z\"><\/path><\/svg>\t\t\t<\/div>\n\t\t<\/div>\n\t\t\t\t\t\t<\/div>\n\t\t\t\t<\/div>\n\t\t\t\t<div class=\"elementor-element elementor-element-63254e6 elementor-widget elementor-widget-text-editor\" data-id=\"63254e6\" data-element_type=\"widget\" data-widget_type=\"text-editor.default\">\n\t\t\t\t<div class=\"elementor-widget-container\">\n\t\t\t\t\t\t\t\t\t<div><span class=\"v1size\">Korzystamy z programu <strong>\u201eAktywny Maluch&#8221;<\/strong> oraz pomagamy rodzicom w uzyskaniu dofinansowania <strong>\u00a0\u201eAktywnie w \u017c\u0142obku&#8221;<\/strong>.<\/span><\/div><div><p><span class=\"v1size\">W efekcie miesi\u0119czna op\u0142ata czesnego wynosi dla rodzica jedynie oko\u0142o 100 z\u0142. <\/span><\/p><p><span class=\"v1size\">Program obowi\u0105zuje do uko\u0144czenia przez dziecko 36. miesi\u0105ca \u017cycia.<\/span><\/p><\/div>\t\t\t\t\t\t\t\t<\/div>\n\t\t\t\t<\/div>\n\t\t\t\t<div class=\"elementor-element elementor-element-0ef6216 elementor-widget-divider--view-line elementor-widget elementor-widget-divider\" data-id=\"0ef6216\" data-element_type=\"widget\" data-widget_type=\"divider.default\">\n\t\t\t\t<div class=\"elementor-widget-container\">\n\t\t\t\t\t\t\t<div class=\"elementor-divider\">\n\t\t\t<span class=\"elementor-divider-separator\">\n\t\t\t\t\t\t<\/span>\n\t\t<\/div>\n\t\t\t\t\t\t<\/div>\n\t\t\t\t<\/div>\n\t\t\t\t<div class=\"elementor-element elementor-element-e828f4e elementor-widget elementor-widget-heading\" data-id=\"e828f4e\" data-element_type=\"widget\" data-widget_type=\"heading.default\">\n\t\t\t\t<div class=\"elementor-widget-container\">\n\t\t\t\t\t<h1 class=\"elementor-heading-title elementor-size-default\">P\u0142atno\u015bci z g\u00f3ry do 10 dnia ka\u017cdego miesi\u0105ca <\/h1>\t\t\t\t<\/div>\n\t\t\t\t<\/div>\n\t\t\t\t<\/div>\n\t\t\t\t<\/div>\n\t\t\t\t<\/div>\n\t\t\t\t\t<\/div>\n\t\t\t\t<\/div>\n\t\t\t\t<\/div>\n\t\t","protected":false},"excerpt":{"rendered":"<p>\u017b\u0142obek Minimi Cennik Cennik Jednorazowa op\u0142ata rekrutacyjna 1000 z\u0142 Cennik Czesne 106 z\u0142 (* przy otrzymaniu dotacji &#8222;Aktywny Maluch: oraz &#8222;Aktywnie w \u017c\u0142obku&#8221;) Cennik Stawka \u017cywieniowa za dzie\u0144 28,50 z\u0142 Cennik Dieta 29,50 z\u0142 Cennik Pakiet zaj\u0119\u0107 400 z\u0142 Korzystamy z programu \u201eAktywny Maluch&#8221; oraz pomagamy rodzicom w uzyskaniu dofinansowania \u00a0\u201eAktywnie w \u017c\u0142obku&#8221;. W efekcie [&hellip;]<\/p>\n","protected":false},"author":1,"featured_media":0,"parent":0,"menu_order":0,"comment_status":"closed","ping_status":"closed","template":"elementor_header_footer","meta":{"footnotes":""},"class_list":["post-347","page","type-page","status-publish","hentry"],"yoast_head":"<!-- This site is optimized with the Yoast SEO plugin v24.3 - https:\/\/yoast.com\/wordpress\/plugins\/seo\/ -->\n<title>Cennik | \u017b\u0142obek Minimi<\/title>\n<meta name=\"robots\" content=\"index, follow, max-snippet:-1, max-image-preview:large, max-video-preview:-1\" \/>\n<link rel=\"canonical\" href=\"https:\/\/zlobekminimi.pl\/index.php\/cennik\/\" \/>\n<meta property=\"og:locale\" content=\"pl_PL\" \/>\n<meta property=\"og:type\" content=\"article\" \/>\n<meta property=\"og:title\" content=\"Cennik | \u017b\u0142obek Minimi\" \/>\n<meta property=\"og:description\" content=\"\u017b\u0142obek Minimi Cennik Cennik Jednorazowa op\u0142ata rekrutacyjna 1000 z\u0142 Cennik Czesne 106 z\u0142 (* przy otrzymaniu dotacji &#8222;Aktywny Maluch: oraz &#8222;Aktywnie w \u017c\u0142obku&#8221;) Cennik Stawka \u017cywieniowa za dzie\u0144 28,50 z\u0142 Cennik Dieta 29,50 z\u0142 Cennik Pakiet zaj\u0119\u0107 400 z\u0142 Korzystamy z programu \u201eAktywny Maluch&#8221; oraz pomagamy rodzicom w uzyskaniu dofinansowania \u00a0\u201eAktywnie w \u017c\u0142obku&#8221;. W efekcie [&hellip;]\" \/>\n<meta property=\"og:url\" content=\"https:\/\/zlobekminimi.pl\/index.php\/cennik\/\" \/>\n<meta property=\"og:site_name\" content=\"\u017b\u0142obek Minimi\" \/>\n<meta property=\"article:modified_time\" content=\"2025-06-10T08:44:10+00:00\" \/>\n<meta property=\"og:image\" content=\"https:\/\/zlobekminimi.pl\/wp-content\/uploads\/2025\/01\/were-celebrating-a-birthday-today-shot-of-a-presc-2023-11-27-04-53-12-utc-scaled.jpg\" \/>\n\t<meta property=\"og:image:width\" content=\"2560\" \/>\n\t<meta property=\"og:image:height\" content=\"1707\" \/>\n\t<meta property=\"og:image:type\" content=\"image\/jpeg\" \/>\n<meta name=\"twitter:card\" content=\"summary_large_image\" \/>\n<meta name=\"twitter:label1\" content=\"Szacowany czas czytania\" \/>\n\t<meta name=\"twitter:data1\" content=\"1 minuta\" \/>\n<script type=\"application\/ld+json\" class=\"yoast-schema-graph\">{\"@context\":\"https:\/\/schema.org\",\"@graph\":[{\"@type\":\"WebPage\",\"@id\":\"https:\/\/zlobekminimi.pl\/index.php\/cennik\/\",\"url\":\"https:\/\/zlobekminimi.pl\/index.php\/cennik\/\",\"name\":\"Cennik | \u017b\u0142obek Minimi\",\"isPartOf\":{\"@id\":\"https:\/\/zlobekminimi.pl\/#website\"},\"datePublished\":\"2025-02-02T22:34:14+00:00\",\"dateModified\":\"2025-06-10T08:44:10+00:00\",\"breadcrumb\":{\"@id\":\"https:\/\/zlobekminimi.pl\/index.php\/cennik\/#breadcrumb\"},\"inLanguage\":\"pl-PL\",\"potentialAction\":[{\"@type\":\"ReadAction\",\"target\":[\"https:\/\/zlobekminimi.pl\/index.php\/cennik\/\"]}]},{\"@type\":\"BreadcrumbList\",\"@id\":\"https:\/\/zlobekminimi.pl\/index.php\/cennik\/#breadcrumb\",\"itemListElement\":[{\"@type\":\"ListItem\",\"position\":1,\"name\":\"Strona g\u0142\u00f3wna\",\"item\":\"https:\/\/zlobekminimi.pl\/\"},{\"@type\":\"ListItem\",\"position\":2,\"name\":\"Cennik\"}]},{\"@type\":\"WebSite\",\"@id\":\"https:\/\/zlobekminimi.pl\/#website\",\"url\":\"https:\/\/zlobekminimi.pl\/\",\"name\":\"\u017b\u0142obek Minimi\",\"description\":\"\",\"potentialAction\":[{\"@type\":\"SearchAction\",\"target\":{\"@type\":\"EntryPoint\",\"urlTemplate\":\"https:\/\/zlobekminimi.pl\/?s={search_term_string}\"},\"query-input\":{\"@type\":\"PropertyValueSpecification\",\"valueRequired\":true,\"valueName\":\"search_term_string\"}}],\"inLanguage\":\"pl-PL\"}]}<\/script>\n<!-- \/ Yoast SEO plugin. -->","yoast_head_json":{"title":"Cennik | \u017b\u0142obek Minimi","robots":{"index":"index","follow":"follow","max-snippet":"max-snippet:-1","max-image-preview":"max-image-preview:large","max-video-preview":"max-video-preview:-1"},"canonical":"https:\/\/zlobekminimi.pl\/index.php\/cennik\/","og_locale":"pl_PL","og_type":"article","og_title":"Cennik | \u017b\u0142obek Minimi","og_description":"\u017b\u0142obek Minimi Cennik Cennik Jednorazowa op\u0142ata rekrutacyjna 1000 z\u0142 Cennik Czesne 106 z\u0142 (* przy otrzymaniu dotacji &#8222;Aktywny Maluch: oraz &#8222;Aktywnie w \u017c\u0142obku&#8221;) Cennik Stawka \u017cywieniowa za dzie\u0144 28,50 z\u0142 Cennik Dieta 29,50 z\u0142 Cennik Pakiet zaj\u0119\u0107 400 z\u0142 Korzystamy z programu \u201eAktywny Maluch&#8221; oraz pomagamy rodzicom w uzyskaniu dofinansowania \u00a0\u201eAktywnie w \u017c\u0142obku&#8221;. W efekcie [&hellip;]","og_url":"https:\/\/zlobekminimi.pl\/index.php\/cennik\/","og_site_name":"\u017b\u0142obek Minimi","article_modified_time":"2025-06-10T08:44:10+00:00","og_image":[{"width":2560,"height":1707,"url":"https:\/\/zlobekminimi.pl\/wp-content\/uploads\/2025\/01\/were-celebrating-a-birthday-today-shot-of-a-presc-2023-11-27-04-53-12-utc-scaled.jpg","type":"image\/jpeg"}],"twitter_card":"summary_large_image","twitter_misc":{"Szacowany czas czytania":"1 minuta"},"schema":{"@context":"https:\/\/schema.org","@graph":[{"@type":"WebPage","@id":"https:\/\/zlobekminimi.pl\/index.php\/cennik\/","url":"https:\/\/zlobekminimi.pl\/index.php\/cennik\/","name":"Cennik | \u017b\u0142obek Minimi","isPartOf":{"@id":"https:\/\/zlobekminimi.pl\/#website"},"datePublished":"2025-02-02T22:34:14+00:00","dateModified":"2025-06-10T08:44:10+00:00","breadcrumb":{"@id":"https:\/\/zlobekminimi.pl\/index.php\/cennik\/#breadcrumb"},"inLanguage":"pl-PL","potentialAction":[{"@type":"ReadAction","target":["https:\/\/zlobekminimi.pl\/index.php\/cennik\/"]}]},{"@type":"BreadcrumbList","@id":"https:\/\/zlobekminimi.pl\/index.php\/cennik\/#breadcrumb","itemListElement":[{"@type":"ListItem","position":1,"name":"Strona g\u0142\u00f3wna","item":"https:\/\/zlobekminimi.pl\/"},{"@type":"ListItem","position":2,"name":"Cennik"}]},{"@type":"WebSite","@id":"https:\/\/zlobekminimi.pl\/#website","url":"https:\/\/zlobekminimi.pl\/","name":"\u017b\u0142obek Minimi","description":"","potentialAction":[{"@type":"SearchAction","target":{"@type":"EntryPoint","urlTemplate":"https:\/\/zlobekminimi.pl\/?s={search_term_string}"},"query-input":{"@type":"PropertyValueSpecification","valueRequired":true,"valueName":"search_term_string"}}],"inLanguage":"pl-PL"}]}},"_links":{"self":[{"href":"https:\/\/zlobekminimi.pl\/index.php\/wp-json\/wp\/v2\/pages\/347","targetHints":{"allow":["GET"]}}],"collection":[{"href":"https:\/\/zlobekminimi.pl\/index.php\/wp-json\/wp\/v2\/pages"}],"about":[{"href":"https:\/\/zlobekminimi.pl\/index.php\/wp-json\/wp\/v2\/types\/page"}],"author":[{"embeddable":true,"href":"https:\/\/zlobekminimi.pl\/index.php\/wp-json\/wp\/v2\/users\/1"}],"replies":[{"embeddable":true,"href":"https:\/\/zlobekminimi.pl\/index.php\/wp-json\/wp\/v2\/comments?post=347"}],"version-history":[{"count":13,"href":"https:\/\/zlobekminimi.pl\/index.php\/wp-json\/wp\/v2\/pages\/347\/revisions"}],"predecessor-version":[{"id":421,"href":"https:\/\/zlobekminimi.pl\/index.php\/wp-json\/wp\/v2\/pages\/347\/revisions\/421"}],"wp:attachment":[{"href":"https:\/\/zlobekminimi.pl\/index.php\/wp-json\/wp\/v2\/media?parent=347"}],"curies":[{"name":"wp","href":"https:\/\/api.w.org\/{rel}","templated":true}]}}