{"id":201,"date":"2025-01-21T16:34:58","date_gmt":"2025-01-21T16:34:58","guid":{"rendered":"https:\/\/zlobekminimi.pl\/?page_id=201"},"modified":"2025-01-21T17:37:01","modified_gmt":"2025-01-21T17:37:01","slug":"lokalizacja","status":"publish","type":"page","link":"https:\/\/zlobekminimi.pl\/index.php\/lokalizacja\/","title":{"rendered":"Lokalizacja"},"content":{"rendered":"\t\t<div data-elementor-type=\"wp-page\" data-elementor-id=\"201\" class=\"elementor elementor-201\">\n\t\t\t\t<div class=\"elementor-element elementor-element-d2f0ee6 e-flex e-con-boxed e-con e-parent\" data-id=\"d2f0ee6\" data-element_type=\"container\" data-settings=\"{&quot;background_background&quot;:&quot;classic&quot;}\">\n\t\t\t\t\t<div class=\"e-con-inner\">\n\t\t\t\t<div class=\"elementor-element elementor-element-91b7b35 elementor-widget elementor-widget-heading\" data-id=\"91b7b35\" data-element_type=\"widget\" data-widget_type=\"heading.default\">\n\t\t\t\t<div class=\"elementor-widget-container\">\n\t\t\t\t\t<h1 class=\"elementor-heading-title elementor-size-default\">\u017b\u0142obek Minimi<\/h1>\t\t\t\t<\/div>\n\t\t\t\t<\/div>\n\t\t\t\t<div class=\"elementor-element elementor-element-b4d74ee elementor-widget__width-initial elementor-widget elementor-widget-elementskit-heading\" data-id=\"b4d74ee\" data-element_type=\"widget\" data-widget_type=\"elementskit-heading.default\">\n\t\t\t\t<div class=\"elementor-widget-container\">\n\t\t\t\t\t<div class=\"ekit-wid-con\" ><div class=\"ekit-heading elementskit-section-title-wraper text_center   ekit_heading_tablet-   ekit_heading_mobile-\"><h2 class=\"ekit-heading--title elementskit-section-title \">Dogodna lokalizacja <span><span>w sercu Wroc\u0142awia<\/span><\/span><\/h2>\t\t\t\t<div class='ekit-heading__description'>\n\t\t\t\t\t<p>Nasz \u017c\u0142obek mie\u015bci si\u0119 w dogodnym miejscu, \u0142atwo dost\u0119pnym zar\u00f3wno dla mieszka\u0144c\u00f3w, jak i os\u00f3b doje\u017cd\u017caj\u0105cych. Blisko\u015b\u0107 g\u0142\u00f3wnych punkt\u00f3w komunikacyjnych oraz spokojna okolica zapewniaj\u0105 komfort i bezpiecze\u0144stwo dla Ciebie i Twojego dziecka.<\/p>\n\t\t\t\t<\/div>\n\t\t\t<\/div><\/div>\t\t\t\t<\/div>\n\t\t\t\t<\/div>\n\t\t\t\t<div class=\"elementor-element elementor-element-ea52fda elementor-align-center elementor-icon-list--layout-traditional elementor-list-item-link-full_width elementor-widget elementor-widget-icon-list\" data-id=\"ea52fda\" data-element_type=\"widget\" data-widget_type=\"icon-list.default\">\n\t\t\t\t<div class=\"elementor-widget-container\">\n\t\t\t\t\t\t\t<ul class=\"elementor-icon-list-items\">\n\t\t\t\t\t\t\t<li class=\"elementor-icon-list-item\">\n\t\t\t\t\t\t\t\t\t\t\t<span class=\"elementor-icon-list-icon\">\n\t\t\t\t\t\t\t<i aria-hidden=\"true\" class=\"icon icon-map-marker1\"><\/i>\t\t\t\t\t\t<\/span>\n\t\t\t\t\t\t\t\t\t\t<span class=\"elementor-icon-list-text\">ul. Powsta\u0144c\u00f3w \u015al\u0105skich 121\/109, Wroc\u0142aw<\/span>\n\t\t\t\t\t\t\t\t\t<\/li>\n\t\t\t\t\t\t<\/ul>\n\t\t\t\t\t\t<\/div>\n\t\t\t\t<\/div>\n\t\t<div class=\"elementor-element elementor-element-39562af e-con-full e-flex e-con e-child\" data-id=\"39562af\" data-element_type=\"container\">\n\t\t\t\t<div class=\"elementor-element elementor-element-0c448e5 elementor-widget elementor-widget-google_maps\" data-id=\"0c448e5\" data-element_type=\"widget\" data-widget_type=\"google_maps.default\">\n\t\t\t\t<div class=\"elementor-widget-container\">\n\t\t\t\t\t\t\t<div class=\"elementor-custom-embed\">\n\t\t\t<iframe loading=\"lazy\"\n\t\t\t\t\tsrc=\"https:\/\/maps.google.com\/maps?q=ul.%20Powsta%C5%84c%C3%B3w%20%C5%9Al%C4%85skich%20121%2F109%2C%20Wroc%C5%82aw&#038;t=m&#038;z=14&#038;output=embed&#038;iwloc=near\"\n\t\t\t\t\ttitle=\"ul. Powsta\u0144c\u00f3w \u015al\u0105skich 121\/109, Wroc\u0142aw\"\n\t\t\t\t\taria-label=\"ul. Powsta\u0144c\u00f3w \u015al\u0105skich 121\/109, Wroc\u0142aw\"\n\t\t\t><\/iframe>\n\t\t<\/div>\n\t\t\t\t\t\t<\/div>\n\t\t\t\t<\/div>\n\t\t\t\t<\/div>\n\t\t\t\t\t<\/div>\n\t\t\t\t<\/div>\n\t\t<div class=\"elementor-element elementor-element-3727ca3 e-flex e-con-boxed e-con e-parent\" data-id=\"3727ca3\" data-element_type=\"container\">\n\t\t\t\t\t<div class=\"e-con-inner\">\n\t\t<div class=\"elementor-element elementor-element-f59921e e-con-full e-flex e-con e-child\" data-id=\"f59921e\" data-element_type=\"container\" data-settings=\"{&quot;background_background&quot;:&quot;classic&quot;}\">\n\t\t<div class=\"elementor-element elementor-element-9a2adb9 e-con-full e-flex e-con e-child\" data-id=\"9a2adb9\" data-element_type=\"container\">\n\t\t\t\t<div class=\"elementor-element elementor-element-9bc74ae elementor-widget__width-initial elementor-widget elementor-widget-elementskit-heading\" data-id=\"9bc74ae\" data-element_type=\"widget\" data-widget_type=\"elementskit-heading.default\">\n\t\t\t\t<div class=\"elementor-widget-container\">\n\t\t\t\t\t<div class=\"ekit-wid-con\" ><div class=\"ekit-heading elementskit-section-title-wraper text_left   ekit_heading_tablet-   ekit_heading_mobile-text_left\"><h3 class=\"ekit-heading--title elementskit-section-title \">Zapisz swoj\u0105 pociech\u0119 do Minimi <span><span>ju\u017c dzi\u015b!<\/span><\/span><\/h3><\/div><\/div>\t\t\t\t<\/div>\n\t\t\t\t<\/div>\n\t\t\t\t<div class=\"elementor-element elementor-element-6ec6c47 elementor-align-left elementor-widget elementor-widget-elementskit-button\" data-id=\"6ec6c47\" data-element_type=\"widget\" data-widget_type=\"elementskit-button.default\">\n\t\t\t\t<div class=\"elementor-widget-container\">\n\t\t\t\t\t<div class=\"ekit-wid-con\" >\t\t<div class=\"ekit-btn-wraper\">\n\t\t\t\t\t\t\t<a href=\"https:\/\/zlobekminimi.pl\/index.php\/kontakt\/\" class=\"elementskit-btn  whitespace--normal\" id=\"\">\n\t\t\t\t\tPrzejd\u017a do zapis\u00f3w\t\t\t\t<\/a>\n\t\t\t\t\t<\/div>\n        <\/div>\t\t\t\t<\/div>\n\t\t\t\t<\/div>\n\t\t\t\t<\/div>\n\t\t<div class=\"elementor-element elementor-element-403b9ca e-con-full e-flex e-con e-child\" data-id=\"403b9ca\" data-element_type=\"container\">\n\t\t\t\t<div class=\"elementor-element elementor-element-13aa3ed elementor-absolute elementor-invisible elementor-widget elementor-widget-image\" data-id=\"13aa3ed\" data-element_type=\"widget\" data-settings=\"{&quot;_position&quot;:&quot;absolute&quot;,&quot;_animation&quot;:&quot;zoomInUp&quot;}\" data-widget_type=\"image.default\">\n\t\t\t\t<div class=\"elementor-widget-container\">\n\t\t\t\t\t\t\t\t\t\t\t\t\t\t\t<img fetchpriority=\"high\" decoding=\"async\" width=\"663\" height=\"1211\" src=\"https:\/\/zlobekminimi.pl\/wp-content\/uploads\/2025\/01\/MinimiKotekZasob-2@3x.png\" class=\"attachment-full size-full wp-image-99\" alt=\"\" srcset=\"https:\/\/zlobekminimi.pl\/wp-content\/uploads\/2025\/01\/MinimiKotekZasob-2@3x.png 663w, https:\/\/zlobekminimi.pl\/wp-content\/uploads\/2025\/01\/MinimiKotekZasob-2@3x-164x300.png 164w, https:\/\/zlobekminimi.pl\/wp-content\/uploads\/2025\/01\/MinimiKotekZasob-2@3x-561x1024.png 561w\" sizes=\"(max-width: 663px) 100vw, 663px\" \/>\t\t\t\t\t\t\t\t\t\t\t\t\t\t\t<\/div>\n\t\t\t\t<\/div>\n\t\t\t\t<\/div>\n\t\t\t\t<\/div>\n\t\t\t\t\t<\/div>\n\t\t\t\t<\/div>\n\t\t\t\t<\/div>\n\t\t","protected":false},"excerpt":{"rendered":"<p>\u017b\u0142obek Minimi Dogodna lokalizacja w sercu Wroc\u0142awia Nasz \u017c\u0142obek mie\u015bci si\u0119 w dogodnym miejscu, \u0142atwo dost\u0119pnym zar\u00f3wno dla mieszka\u0144c\u00f3w, jak i os\u00f3b doje\u017cd\u017caj\u0105cych. Blisko\u015b\u0107 g\u0142\u00f3wnych punkt\u00f3w komunikacyjnych oraz spokojna okolica zapewniaj\u0105 komfort i bezpiecze\u0144stwo dla Ciebie i Twojego dziecka. ul. Powsta\u0144c\u00f3w \u015al\u0105skich 121\/109, Wroc\u0142aw Zapisz swoj\u0105 pociech\u0119 do Minimi ju\u017c dzi\u015b! Przejd\u017a do zapis\u00f3w<\/p>\n","protected":false},"author":1,"featured_media":0,"parent":0,"menu_order":0,"comment_status":"closed","ping_status":"closed","template":"elementor_header_footer","meta":{"footnotes":""},"class_list":["post-201","page","type-page","status-publish","hentry"],"yoast_head":"<!-- This site is optimized with the Yoast SEO plugin v24.3 - https:\/\/yoast.com\/wordpress\/plugins\/seo\/ -->\n<title>Lokalizacja | \u017b\u0142obek Minimi<\/title>\n<meta name=\"robots\" content=\"index, follow, max-snippet:-1, max-image-preview:large, max-video-preview:-1\" \/>\n<link rel=\"canonical\" href=\"https:\/\/zlobekminimi.pl\/index.php\/lokalizacja\/\" \/>\n<meta property=\"og:locale\" content=\"pl_PL\" \/>\n<meta property=\"og:type\" content=\"article\" \/>\n<meta property=\"og:title\" content=\"Lokalizacja | \u017b\u0142obek Minimi\" \/>\n<meta property=\"og:description\" content=\"\u017b\u0142obek Minimi Dogodna lokalizacja w sercu Wroc\u0142awia Nasz \u017c\u0142obek mie\u015bci si\u0119 w dogodnym miejscu, \u0142atwo dost\u0119pnym zar\u00f3wno dla mieszka\u0144c\u00f3w, jak i os\u00f3b doje\u017cd\u017caj\u0105cych. Blisko\u015b\u0107 g\u0142\u00f3wnych punkt\u00f3w komunikacyjnych oraz spokojna okolica zapewniaj\u0105 komfort i bezpiecze\u0144stwo dla Ciebie i Twojego dziecka. ul. Powsta\u0144c\u00f3w \u015al\u0105skich 121\/109, Wroc\u0142aw Zapisz swoj\u0105 pociech\u0119 do Minimi ju\u017c dzi\u015b! Przejd\u017a do zapis\u00f3w\" \/>\n<meta property=\"og:url\" content=\"https:\/\/zlobekminimi.pl\/index.php\/lokalizacja\/\" \/>\n<meta property=\"og:site_name\" content=\"\u017b\u0142obek Minimi\" \/>\n<meta property=\"article:modified_time\" content=\"2025-01-21T17:37:01+00:00\" \/>\n<meta property=\"og:image\" content=\"http:\/\/zlobekminimi.pl\/wp-content\/uploads\/2025\/01\/MinimiKotekZasob-2@3x.png\" \/>\n<meta name=\"twitter:card\" content=\"summary_large_image\" \/>\n<meta name=\"twitter:label1\" content=\"Szacowany czas czytania\" \/>\n\t<meta name=\"twitter:data1\" content=\"1 minuta\" \/>\n<script type=\"application\/ld+json\" class=\"yoast-schema-graph\">{\"@context\":\"https:\/\/schema.org\",\"@graph\":[{\"@type\":\"WebPage\",\"@id\":\"https:\/\/zlobekminimi.pl\/index.php\/lokalizacja\/\",\"url\":\"https:\/\/zlobekminimi.pl\/index.php\/lokalizacja\/\",\"name\":\"Lokalizacja | \u017b\u0142obek Minimi\",\"isPartOf\":{\"@id\":\"https:\/\/zlobekminimi.pl\/#website\"},\"primaryImageOfPage\":{\"@id\":\"https:\/\/zlobekminimi.pl\/index.php\/lokalizacja\/#primaryimage\"},\"image\":{\"@id\":\"https:\/\/zlobekminimi.pl\/index.php\/lokalizacja\/#primaryimage\"},\"thumbnailUrl\":\"http:\/\/zlobekminimi.pl\/wp-content\/uploads\/2025\/01\/MinimiKotekZasob-2@3x.png\",\"datePublished\":\"2025-01-21T16:34:58+00:00\",\"dateModified\":\"2025-01-21T17:37:01+00:00\",\"breadcrumb\":{\"@id\":\"https:\/\/zlobekminimi.pl\/index.php\/lokalizacja\/#breadcrumb\"},\"inLanguage\":\"pl-PL\",\"potentialAction\":[{\"@type\":\"ReadAction\",\"target\":[\"https:\/\/zlobekminimi.pl\/index.php\/lokalizacja\/\"]}]},{\"@type\":\"ImageObject\",\"inLanguage\":\"pl-PL\",\"@id\":\"https:\/\/zlobekminimi.pl\/index.php\/lokalizacja\/#primaryimage\",\"url\":\"https:\/\/zlobekminimi.pl\/wp-content\/uploads\/2025\/01\/MinimiKotekZasob-2@3x.png\",\"contentUrl\":\"https:\/\/zlobekminimi.pl\/wp-content\/uploads\/2025\/01\/MinimiKotekZasob-2@3x.png\",\"width\":663,\"height\":1211},{\"@type\":\"BreadcrumbList\",\"@id\":\"https:\/\/zlobekminimi.pl\/index.php\/lokalizacja\/#breadcrumb\",\"itemListElement\":[{\"@type\":\"ListItem\",\"position\":1,\"name\":\"Strona g\u0142\u00f3wna\",\"item\":\"https:\/\/zlobekminimi.pl\/\"},{\"@type\":\"ListItem\",\"position\":2,\"name\":\"Lokalizacja\"}]},{\"@type\":\"WebSite\",\"@id\":\"https:\/\/zlobekminimi.pl\/#website\",\"url\":\"https:\/\/zlobekminimi.pl\/\",\"name\":\"\u017b\u0142obek Minimi\",\"description\":\"\",\"potentialAction\":[{\"@type\":\"SearchAction\",\"target\":{\"@type\":\"EntryPoint\",\"urlTemplate\":\"https:\/\/zlobekminimi.pl\/?s={search_term_string}\"},\"query-input\":{\"@type\":\"PropertyValueSpecification\",\"valueRequired\":true,\"valueName\":\"search_term_string\"}}],\"inLanguage\":\"pl-PL\"}]}<\/script>\n<!-- \/ Yoast SEO plugin. -->","yoast_head_json":{"title":"Lokalizacja | \u017b\u0142obek Minimi","robots":{"index":"index","follow":"follow","max-snippet":"max-snippet:-1","max-image-preview":"max-image-preview:large","max-video-preview":"max-video-preview:-1"},"canonical":"https:\/\/zlobekminimi.pl\/index.php\/lokalizacja\/","og_locale":"pl_PL","og_type":"article","og_title":"Lokalizacja | \u017b\u0142obek Minimi","og_description":"\u017b\u0142obek Minimi Dogodna lokalizacja w sercu Wroc\u0142awia Nasz \u017c\u0142obek mie\u015bci si\u0119 w dogodnym miejscu, \u0142atwo dost\u0119pnym zar\u00f3wno dla mieszka\u0144c\u00f3w, jak i os\u00f3b doje\u017cd\u017caj\u0105cych. Blisko\u015b\u0107 g\u0142\u00f3wnych punkt\u00f3w komunikacyjnych oraz spokojna okolica zapewniaj\u0105 komfort i bezpiecze\u0144stwo dla Ciebie i Twojego dziecka. ul. Powsta\u0144c\u00f3w \u015al\u0105skich 121\/109, Wroc\u0142aw Zapisz swoj\u0105 pociech\u0119 do Minimi ju\u017c dzi\u015b! Przejd\u017a do zapis\u00f3w","og_url":"https:\/\/zlobekminimi.pl\/index.php\/lokalizacja\/","og_site_name":"\u017b\u0142obek Minimi","article_modified_time":"2025-01-21T17:37:01+00:00","og_image":[{"url":"http:\/\/zlobekminimi.pl\/wp-content\/uploads\/2025\/01\/MinimiKotekZasob-2@3x.png","type":"","width":"","height":""}],"twitter_card":"summary_large_image","twitter_misc":{"Szacowany czas czytania":"1 minuta"},"schema":{"@context":"https:\/\/schema.org","@graph":[{"@type":"WebPage","@id":"https:\/\/zlobekminimi.pl\/index.php\/lokalizacja\/","url":"https:\/\/zlobekminimi.pl\/index.php\/lokalizacja\/","name":"Lokalizacja | \u017b\u0142obek Minimi","isPartOf":{"@id":"https:\/\/zlobekminimi.pl\/#website"},"primaryImageOfPage":{"@id":"https:\/\/zlobekminimi.pl\/index.php\/lokalizacja\/#primaryimage"},"image":{"@id":"https:\/\/zlobekminimi.pl\/index.php\/lokalizacja\/#primaryimage"},"thumbnailUrl":"http:\/\/zlobekminimi.pl\/wp-content\/uploads\/2025\/01\/MinimiKotekZasob-2@3x.png","datePublished":"2025-01-21T16:34:58+00:00","dateModified":"2025-01-21T17:37:01+00:00","breadcrumb":{"@id":"https:\/\/zlobekminimi.pl\/index.php\/lokalizacja\/#breadcrumb"},"inLanguage":"pl-PL","potentialAction":[{"@type":"ReadAction","target":["https:\/\/zlobekminimi.pl\/index.php\/lokalizacja\/"]}]},{"@type":"ImageObject","inLanguage":"pl-PL","@id":"https:\/\/zlobekminimi.pl\/index.php\/lokalizacja\/#primaryimage","url":"https:\/\/zlobekminimi.pl\/wp-content\/uploads\/2025\/01\/MinimiKotekZasob-2@3x.png","contentUrl":"https:\/\/zlobekminimi.pl\/wp-content\/uploads\/2025\/01\/MinimiKotekZasob-2@3x.png","width":663,"height":1211},{"@type":"BreadcrumbList","@id":"https:\/\/zlobekminimi.pl\/index.php\/lokalizacja\/#breadcrumb","itemListElement":[{"@type":"ListItem","position":1,"name":"Strona g\u0142\u00f3wna","item":"https:\/\/zlobekminimi.pl\/"},{"@type":"ListItem","position":2,"name":"Lokalizacja"}]},{"@type":"WebSite","@id":"https:\/\/zlobekminimi.pl\/#website","url":"https:\/\/zlobekminimi.pl\/","name":"\u017b\u0142obek Minimi","description":"","potentialAction":[{"@type":"SearchAction","target":{"@type":"EntryPoint","urlTemplate":"https:\/\/zlobekminimi.pl\/?s={search_term_string}"},"query-input":{"@type":"PropertyValueSpecification","valueRequired":true,"valueName":"search_term_string"}}],"inLanguage":"pl-PL"}]}},"_links":{"self":[{"href":"https:\/\/zlobekminimi.pl\/index.php\/wp-json\/wp\/v2\/pages\/201","targetHints":{"allow":["GET"]}}],"collection":[{"href":"https:\/\/zlobekminimi.pl\/index.php\/wp-json\/wp\/v2\/pages"}],"about":[{"href":"https:\/\/zlobekminimi.pl\/index.php\/wp-json\/wp\/v2\/types\/page"}],"author":[{"embeddable":true,"href":"https:\/\/zlobekminimi.pl\/index.php\/wp-json\/wp\/v2\/users\/1"}],"replies":[{"embeddable":true,"href":"https:\/\/zlobekminimi.pl\/index.php\/wp-json\/wp\/v2\/comments?post=201"}],"version-history":[{"count":10,"href":"https:\/\/zlobekminimi.pl\/index.php\/wp-json\/wp\/v2\/pages\/201\/revisions"}],"predecessor-version":[{"id":297,"href":"https:\/\/zlobekminimi.pl\/index.php\/wp-json\/wp\/v2\/pages\/201\/revisions\/297"}],"wp:attachment":[{"href":"https:\/\/zlobekminimi.pl\/index.php\/wp-json\/wp\/v2\/media?parent=201"}],"curies":[{"name":"wp","href":"https:\/\/api.w.org\/{rel}","templated":true}]}}