{"id":154,"date":"2025-01-21T15:47:01","date_gmt":"2025-01-21T15:47:01","guid":{"rendered":"https:\/\/zlobekminimi.pl\/?page_id=154"},"modified":"2025-06-10T08:43:12","modified_gmt":"2025-06-10T08:43:12","slug":"o-nas","status":"publish","type":"page","link":"https:\/\/zlobekminimi.pl\/index.php\/o-nas\/","title":{"rendered":"O nas"},"content":{"rendered":"\t\t<div data-elementor-type=\"wp-page\" data-elementor-id=\"154\" class=\"elementor elementor-154\">\n\t\t\t\t<div class=\"elementor-element elementor-element-241ed2b9 e-flex e-con-boxed e-con e-parent\" data-id=\"241ed2b9\" data-element_type=\"container\" data-settings=\"{&quot;background_background&quot;:&quot;classic&quot;}\">\n\t\t\t\t\t<div class=\"e-con-inner\">\n\t\t\t\t<div class=\"elementor-element elementor-element-781bb200 elementor-widget elementor-widget-heading\" data-id=\"781bb200\" data-element_type=\"widget\" data-widget_type=\"heading.default\">\n\t\t\t\t<div class=\"elementor-widget-container\">\n\t\t\t\t\t<h1 class=\"elementor-heading-title elementor-size-default\">\u017b\u0142obek Minimi<\/h1>\t\t\t\t<\/div>\n\t\t\t\t<\/div>\n\t\t\t\t<div class=\"elementor-element elementor-element-13e0c2c3 elementor-widget__width-initial elementor-widget elementor-widget-elementskit-heading\" data-id=\"13e0c2c3\" data-element_type=\"widget\" data-widget_type=\"elementskit-heading.default\">\n\t\t\t\t<div class=\"elementor-widget-container\">\n\t\t\t\t\t<div class=\"ekit-wid-con\" ><div class=\"ekit-heading elementskit-section-title-wraper text_center   ekit_heading_tablet-   ekit_heading_mobile-\"><h2 class=\"ekit-heading--title elementskit-section-title \">W \u017b\u0142obku Minimi tworzymy szcz\u0119\u015bliwe <span><span>dzieci\u0144stwo<\/span><\/span><\/h2>\t\t\t\t<div class='ekit-heading__description'>\n\t\t\t\t\t<p>Jeste\u015bmy miejscem, gdzie dzieci odkrywaj\u0105 \u015bwiat w atmosferze mi\u0142o\u015bci, bezpiecze\u0144stwa i rado\u015bci. Wspieramy ich rozw\u00f3j przez zabaw\u0119, edukacj\u0119 i troskliw\u0105 opiek\u0119, zapewniaj\u0105c najlepszy start w przysz\u0142o\u015b\u0107.<\/p>\n\t\t\t\t<\/div>\n\t\t\t<\/div><\/div>\t\t\t\t<\/div>\n\t\t\t\t<\/div>\n\t\t<div class=\"elementor-element elementor-element-eaf31e5 e-con-full e-flex e-con e-child\" data-id=\"eaf31e5\" data-element_type=\"container\">\n\t\t<div class=\"elementor-element elementor-element-8d815b8 e-con-full e-flex e-con e-child\" data-id=\"8d815b8\" data-element_type=\"container\">\n\t\t\t\t<div class=\"elementor-element elementor-element-d0dd7b2 elementor-widget__width-initial elementor-widget elementor-widget-elementskit-heading\" data-id=\"d0dd7b2\" data-element_type=\"widget\" data-widget_type=\"elementskit-heading.default\">\n\t\t\t\t<div class=\"elementor-widget-container\">\n\t\t\t\t\t<div class=\"ekit-wid-con\" ><div class=\"ekit-heading elementskit-section-title-wraper text_left   ekit_heading_tablet-   ekit_heading_mobile-text_left\"><h3 class=\"ekit-heading--title elementskit-section-title \">Miejsce pe\u0142ne <span><span>ciep\u0142a i troski<\/span><\/span><\/h3>\t\t\t\t<div class='ekit-heading__description'>\n\t\t\t\t\t<p>Nasz \u017c\u0142obek to przestrze\u0144, gdzie ka\u017cde dziecko czuje si\u0119 wyj\u0105tkowe i kochane. Dbamy o bezpiecze\u0144stwo, indywidualne podej\u015bcie i przyjazn\u0105 atmosfer\u0119, kt\u00f3ra wspiera dzieci w ich pierwszych krokach na drodze do samodzielno\u015bci.<\/p>\n\t\t\t\t<\/div>\n\t\t\t<\/div><\/div>\t\t\t\t<\/div>\n\t\t\t\t<\/div>\n\t\t\t\t<\/div>\n\t\t<div class=\"elementor-element elementor-element-7f3861c e-con-full e-flex e-con e-child\" data-id=\"7f3861c\" data-element_type=\"container\" data-settings=\"{&quot;background_background&quot;:&quot;classic&quot;}\">\n\t\t\t\t<div class=\"elementor-element elementor-element-ff204fc elementor-widget elementor-widget-spacer\" data-id=\"ff204fc\" data-element_type=\"widget\" data-widget_type=\"spacer.default\">\n\t\t\t\t<div class=\"elementor-widget-container\">\n\t\t\t\t\t\t\t<div class=\"elementor-spacer\">\n\t\t\t<div class=\"elementor-spacer-inner\"><\/div>\n\t\t<\/div>\n\t\t\t\t\t\t<\/div>\n\t\t\t\t<\/div>\n\t\t\t\t<\/div>\n\t\t\t\t<\/div>\n\t\t<div class=\"elementor-element elementor-element-4ff72c0 e-con-full e-flex e-con e-child\" data-id=\"4ff72c0\" data-element_type=\"container\">\n\t\t<div class=\"elementor-element elementor-element-90dad27 e-con-full e-flex e-con e-child\" data-id=\"90dad27\" data-element_type=\"container\" data-settings=\"{&quot;background_background&quot;:&quot;classic&quot;}\">\n\t\t\t\t<div class=\"elementor-element elementor-element-d3cbd23 elementor-widget elementor-widget-spacer\" data-id=\"d3cbd23\" data-element_type=\"widget\" data-widget_type=\"spacer.default\">\n\t\t\t\t<div class=\"elementor-widget-container\">\n\t\t\t\t\t\t\t<div class=\"elementor-spacer\">\n\t\t\t<div class=\"elementor-spacer-inner\"><\/div>\n\t\t<\/div>\n\t\t\t\t\t\t<\/div>\n\t\t\t\t<\/div>\n\t\t\t\t<\/div>\n\t\t<div class=\"elementor-element elementor-element-d420a1c e-con-full e-flex e-con e-child\" data-id=\"d420a1c\" data-element_type=\"container\">\n\t\t\t\t<div class=\"elementor-element elementor-element-8716fba elementor-widget__width-initial elementor-widget elementor-widget-elementskit-heading\" data-id=\"8716fba\" data-element_type=\"widget\" data-widget_type=\"elementskit-heading.default\">\n\t\t\t\t<div class=\"elementor-widget-container\">\n\t\t\t\t\t<div class=\"ekit-wid-con\" ><div class=\"ekit-heading elementskit-section-title-wraper text_left   ekit_heading_tablet-   ekit_heading_mobile-text_left\"><h3 class=\"ekit-heading--title elementskit-section-title \">Rozw\u00f3j poprzez <span><span>zabaw\u0119 i nauk\u0119<\/span><\/span><\/h3>\t\t\t\t<div class='ekit-heading__description'>\n\t\t\t\t\t<p>Wierzymy, \u017ce najlepsza edukacja odbywa si\u0119 przez do\u015bwiadczenie i zabaw\u0119. Oferujemy r\u00f3\u017cnorodne zaj\u0119cia, kt\u00f3re rozwijaj\u0105 kreatywno\u015b\u0107, umiej\u0119tno\u015bci spo\u0142eczne i ciekawo\u015b\u0107 \u015bwiata. Dzi\u0119ki naszym zaanga\u017cowanym opiekunom i starannie zaplanowanym aktywno\u015bciom, dzieci ucz\u0105 si\u0119 odkrywa\u0107 swoje talenty i budowa\u0107 pewno\u015b\u0107 siebie.<\/p>\n\t\t\t\t<\/div>\n\t\t\t<\/div><\/div>\t\t\t\t<\/div>\n\t\t\t\t<\/div>\n\t\t\t\t<\/div>\n\t\t\t\t<\/div>\n\t\t\t\t\t<\/div>\n\t\t\t\t<\/div>\n\t\t<div class=\"elementor-element elementor-element-3ee1b8d elementor-hidden-desktop elementor-hidden-tablet elementor-hidden-mobile e-flex e-con-boxed e-con e-parent\" data-id=\"3ee1b8d\" data-element_type=\"container\">\n\t\t\t\t\t<div class=\"e-con-inner\">\n\t\t<div class=\"elementor-element elementor-element-0794048 e-con-full e-flex e-con e-child\" data-id=\"0794048\" data-element_type=\"container\">\n\t\t<div class=\"elementor-element elementor-element-5226f5a e-con-full e-flex e-con e-child\" data-id=\"5226f5a\" data-element_type=\"container\" data-settings=\"{&quot;background_background&quot;:&quot;classic&quot;}\">\n\t\t\t\t<div class=\"elementor-element elementor-element-84a7175 elementor-widget elementor-widget-spacer\" data-id=\"84a7175\" data-element_type=\"widget\" data-widget_type=\"spacer.default\">\n\t\t\t\t<div class=\"elementor-widget-container\">\n\t\t\t\t\t\t\t<div class=\"elementor-spacer\">\n\t\t\t<div class=\"elementor-spacer-inner\"><\/div>\n\t\t<\/div>\n\t\t\t\t\t\t<\/div>\n\t\t\t\t<\/div>\n\t\t\t\t<div class=\"elementor-element elementor-element-dcc46c3 elementor-widget elementor-widget-heading\" data-id=\"dcc46c3\" data-element_type=\"widget\" data-widget_type=\"heading.default\">\n\t\t\t\t<div class=\"elementor-widget-container\">\n\t\t\t\t\t<h1 class=\"elementor-heading-title elementor-size-default\">Organ nadzoruj\u0105cy z\u0142obek<\/h1>\t\t\t\t<\/div>\n\t\t\t\t<\/div>\n\t\t\t\t<div class=\"elementor-element elementor-element-a53e274 elementor-widget__width-initial elementor-widget elementor-widget-elementskit-heading\" data-id=\"a53e274\" data-element_type=\"widget\" data-widget_type=\"elementskit-heading.default\">\n\t\t\t\t<div class=\"elementor-widget-container\">\n\t\t\t\t\t<div class=\"ekit-wid-con\" ><div class=\"ekit-heading elementskit-section-title-wraper text_left   ekit_heading_tablet-   ekit_heading_mobile-\"><h4 class=\"ekit-heading--title elementskit-section-title \">Wydzia\u0142 Zdrowia i Spraw Spo\u0142ecznych Urz\u0119du Miejskiego Wroc\u0142awia<\/h4><\/div><\/div>\t\t\t\t<\/div>\n\t\t\t\t<\/div>\n\t\t\t\t<div class=\"elementor-element elementor-element-e412941 elementor-icon-list--layout-traditional elementor-list-item-link-full_width elementor-widget elementor-widget-icon-list\" data-id=\"e412941\" data-element_type=\"widget\" data-widget_type=\"icon-list.default\">\n\t\t\t\t<div class=\"elementor-widget-container\">\n\t\t\t\t\t\t\t<ul class=\"elementor-icon-list-items\">\n\t\t\t\t\t\t\t<li class=\"elementor-icon-list-item\">\n\t\t\t\t\t\t\t\t\t\t\t<span class=\"elementor-icon-list-icon\">\n\t\t\t\t\t\t\t<i aria-hidden=\"true\" class=\"icon icon-phone-call\"><\/i>\t\t\t\t\t\t<\/span>\n\t\t\t\t\t\t\t\t\t\t<span class=\"elementor-icon-list-text\">tel: 71 7777849, 71 7778212, 71 7779397<\/span>\n\t\t\t\t\t\t\t\t\t<\/li>\n\t\t\t\t\t\t\t\t<li class=\"elementor-icon-list-item\">\n\t\t\t\t\t\t\t\t\t\t\t<span class=\"elementor-icon-list-icon\">\n\t\t\t\t\t\t\t<i aria-hidden=\"true\" class=\"icon icon-document\"><\/i>\t\t\t\t\t\t<\/span>\n\t\t\t\t\t\t\t\t\t\t<span class=\"elementor-icon-list-text\">fax: 71 7777994<\/span>\n\t\t\t\t\t\t\t\t\t<\/li>\n\t\t\t\t\t\t\t\t<li class=\"elementor-icon-list-item\">\n\t\t\t\t\t\t\t\t\t\t\t<span class=\"elementor-icon-list-icon\">\n\t\t\t\t\t\t\t<i aria-hidden=\"true\" class=\"icon icon-envelope3\"><\/i>\t\t\t\t\t\t<\/span>\n\t\t\t\t\t\t\t\t\t\t<span class=\"elementor-icon-list-text\">e-mail: wzd@um.wroc.pl<\/span>\n\t\t\t\t\t\t\t\t\t<\/li>\n\t\t\t\t\t\t<\/ul>\n\t\t\t\t\t\t<\/div>\n\t\t\t\t<\/div>\n\t\t\t\t<\/div>\n\t\t\t\t<\/div>\n\t\t\t\t\t<\/div>\n\t\t\t\t<\/div>\n\t\t<div class=\"elementor-element elementor-element-b51b764 e-flex e-con-boxed e-con e-parent\" data-id=\"b51b764\" data-element_type=\"container\">\n\t\t\t\t\t<div class=\"e-con-inner\">\n\t\t<div class=\"elementor-element elementor-element-2329b3e e-con-full e-flex e-con e-child\" data-id=\"2329b3e\" data-element_type=\"container\" data-settings=\"{&quot;background_background&quot;:&quot;classic&quot;}\">\n\t\t<div class=\"elementor-element elementor-element-8a0187e e-con-full e-flex e-con e-child\" data-id=\"8a0187e\" data-element_type=\"container\">\n\t\t\t\t<div class=\"elementor-element elementor-element-d73e779 elementor-widget__width-initial elementor-widget elementor-widget-elementskit-heading\" data-id=\"d73e779\" data-element_type=\"widget\" data-widget_type=\"elementskit-heading.default\">\n\t\t\t\t<div class=\"elementor-widget-container\">\n\t\t\t\t\t<div class=\"ekit-wid-con\" ><div class=\"ekit-heading elementskit-section-title-wraper text_left   ekit_heading_tablet-   ekit_heading_mobile-text_left\"><h3 class=\"ekit-heading--title elementskit-section-title \">Zapisz swoj\u0105 pociech\u0119 do Minimi <span><span>ju\u017c dzi\u015b!<\/span><\/span><\/h3><\/div><\/div>\t\t\t\t<\/div>\n\t\t\t\t<\/div>\n\t\t\t\t<div class=\"elementor-element elementor-element-1897acf elementor-align-left elementor-widget elementor-widget-elementskit-button\" data-id=\"1897acf\" data-element_type=\"widget\" data-widget_type=\"elementskit-button.default\">\n\t\t\t\t<div class=\"elementor-widget-container\">\n\t\t\t\t\t<div class=\"ekit-wid-con\" >\t\t<div class=\"ekit-btn-wraper\">\n\t\t\t\t\t\t\t<a href=\"https:\/\/zlobekminimi.pl\/index.php\/kontakt\/\" class=\"elementskit-btn  whitespace--normal\" id=\"\">\n\t\t\t\t\tPrzejd\u017a do zapis\u00f3w\t\t\t\t<\/a>\n\t\t\t\t\t<\/div>\n        <\/div>\t\t\t\t<\/div>\n\t\t\t\t<\/div>\n\t\t\t\t<\/div>\n\t\t<div class=\"elementor-element elementor-element-7f268fb e-con-full e-flex e-con e-child\" data-id=\"7f268fb\" data-element_type=\"container\">\n\t\t\t\t<div class=\"elementor-element elementor-element-e7d1bf7 elementor-absolute elementor-invisible elementor-widget elementor-widget-image\" data-id=\"e7d1bf7\" data-element_type=\"widget\" data-settings=\"{&quot;_position&quot;:&quot;absolute&quot;,&quot;_animation&quot;:&quot;zoomInUp&quot;}\" data-widget_type=\"image.default\">\n\t\t\t\t<div class=\"elementor-widget-container\">\n\t\t\t\t\t\t\t\t\t\t\t\t\t\t\t<img fetchpriority=\"high\" decoding=\"async\" width=\"663\" height=\"1211\" src=\"https:\/\/zlobekminimi.pl\/wp-content\/uploads\/2025\/01\/MinimiKotekZasob-2@3x.png\" class=\"attachment-full size-full wp-image-99\" alt=\"\" srcset=\"https:\/\/zlobekminimi.pl\/wp-content\/uploads\/2025\/01\/MinimiKotekZasob-2@3x.png 663w, https:\/\/zlobekminimi.pl\/wp-content\/uploads\/2025\/01\/MinimiKotekZasob-2@3x-164x300.png 164w, https:\/\/zlobekminimi.pl\/wp-content\/uploads\/2025\/01\/MinimiKotekZasob-2@3x-561x1024.png 561w\" sizes=\"(max-width: 663px) 100vw, 663px\" \/>\t\t\t\t\t\t\t\t\t\t\t\t\t\t\t<\/div>\n\t\t\t\t<\/div>\n\t\t\t\t<\/div>\n\t\t\t\t<\/div>\n\t\t\t\t\t<\/div>\n\t\t\t\t<\/div>\n\t\t\t\t<\/div>\n\t\t","protected":false},"excerpt":{"rendered":"<p>\u017b\u0142obek Minimi W \u017b\u0142obku Minimi tworzymy szcz\u0119\u015bliwe dzieci\u0144stwo Jeste\u015bmy miejscem, gdzie dzieci odkrywaj\u0105 \u015bwiat w atmosferze mi\u0142o\u015bci, bezpiecze\u0144stwa i rado\u015bci. Wspieramy ich rozw\u00f3j przez zabaw\u0119, edukacj\u0119 i troskliw\u0105 opiek\u0119, zapewniaj\u0105c najlepszy start w przysz\u0142o\u015b\u0107. Miejsce pe\u0142ne ciep\u0142a i troski Nasz \u017c\u0142obek to przestrze\u0144, gdzie ka\u017cde dziecko czuje si\u0119 wyj\u0105tkowe i kochane. Dbamy o bezpiecze\u0144stwo, indywidualne [&hellip;]<\/p>\n","protected":false},"author":1,"featured_media":0,"parent":0,"menu_order":0,"comment_status":"closed","ping_status":"closed","template":"elementor_header_footer","meta":{"footnotes":""},"class_list":["post-154","page","type-page","status-publish","hentry"],"yoast_head":"<!-- This site is optimized with the Yoast SEO plugin v24.3 - https:\/\/yoast.com\/wordpress\/plugins\/seo\/ -->\n<title>O nas | \u017b\u0142obek Minimi<\/title>\n<meta name=\"robots\" content=\"index, follow, max-snippet:-1, max-image-preview:large, max-video-preview:-1\" \/>\n<link rel=\"canonical\" href=\"https:\/\/zlobekminimi.pl\/index.php\/o-nas\/\" \/>\n<meta property=\"og:locale\" content=\"pl_PL\" \/>\n<meta property=\"og:type\" content=\"article\" \/>\n<meta property=\"og:title\" content=\"O nas | \u017b\u0142obek Minimi\" \/>\n<meta property=\"og:description\" content=\"\u017b\u0142obek Minimi W \u017b\u0142obku Minimi tworzymy szcz\u0119\u015bliwe dzieci\u0144stwo Jeste\u015bmy miejscem, gdzie dzieci odkrywaj\u0105 \u015bwiat w atmosferze mi\u0142o\u015bci, bezpiecze\u0144stwa i rado\u015bci. Wspieramy ich rozw\u00f3j przez zabaw\u0119, edukacj\u0119 i troskliw\u0105 opiek\u0119, zapewniaj\u0105c najlepszy start w przysz\u0142o\u015b\u0107. Miejsce pe\u0142ne ciep\u0142a i troski Nasz \u017c\u0142obek to przestrze\u0144, gdzie ka\u017cde dziecko czuje si\u0119 wyj\u0105tkowe i kochane. Dbamy o bezpiecze\u0144stwo, indywidualne [&hellip;]\" \/>\n<meta property=\"og:url\" content=\"https:\/\/zlobekminimi.pl\/index.php\/o-nas\/\" \/>\n<meta property=\"og:site_name\" content=\"\u017b\u0142obek Minimi\" \/>\n<meta property=\"article:modified_time\" content=\"2025-06-10T08:43:12+00:00\" \/>\n<meta property=\"og:image\" content=\"http:\/\/zlobekminimi.pl\/wp-content\/uploads\/2025\/01\/MinimiKotekZasob-2@3x.png\" \/>\n<meta name=\"twitter:card\" content=\"summary_large_image\" \/>\n<meta name=\"twitter:label1\" content=\"Szacowany czas czytania\" \/>\n\t<meta name=\"twitter:data1\" content=\"2 minuty\" \/>\n<script type=\"application\/ld+json\" class=\"yoast-schema-graph\">{\"@context\":\"https:\/\/schema.org\",\"@graph\":[{\"@type\":\"WebPage\",\"@id\":\"https:\/\/zlobekminimi.pl\/index.php\/o-nas\/\",\"url\":\"https:\/\/zlobekminimi.pl\/index.php\/o-nas\/\",\"name\":\"O nas | \u017b\u0142obek Minimi\",\"isPartOf\":{\"@id\":\"https:\/\/zlobekminimi.pl\/#website\"},\"primaryImageOfPage\":{\"@id\":\"https:\/\/zlobekminimi.pl\/index.php\/o-nas\/#primaryimage\"},\"image\":{\"@id\":\"https:\/\/zlobekminimi.pl\/index.php\/o-nas\/#primaryimage\"},\"thumbnailUrl\":\"http:\/\/zlobekminimi.pl\/wp-content\/uploads\/2025\/01\/MinimiKotekZasob-2@3x.png\",\"datePublished\":\"2025-01-21T15:47:01+00:00\",\"dateModified\":\"2025-06-10T08:43:12+00:00\",\"breadcrumb\":{\"@id\":\"https:\/\/zlobekminimi.pl\/index.php\/o-nas\/#breadcrumb\"},\"inLanguage\":\"pl-PL\",\"potentialAction\":[{\"@type\":\"ReadAction\",\"target\":[\"https:\/\/zlobekminimi.pl\/index.php\/o-nas\/\"]}]},{\"@type\":\"ImageObject\",\"inLanguage\":\"pl-PL\",\"@id\":\"https:\/\/zlobekminimi.pl\/index.php\/o-nas\/#primaryimage\",\"url\":\"https:\/\/zlobekminimi.pl\/wp-content\/uploads\/2025\/01\/MinimiKotekZasob-2@3x.png\",\"contentUrl\":\"https:\/\/zlobekminimi.pl\/wp-content\/uploads\/2025\/01\/MinimiKotekZasob-2@3x.png\",\"width\":663,\"height\":1211},{\"@type\":\"BreadcrumbList\",\"@id\":\"https:\/\/zlobekminimi.pl\/index.php\/o-nas\/#breadcrumb\",\"itemListElement\":[{\"@type\":\"ListItem\",\"position\":1,\"name\":\"Strona g\u0142\u00f3wna\",\"item\":\"https:\/\/zlobekminimi.pl\/\"},{\"@type\":\"ListItem\",\"position\":2,\"name\":\"O nas\"}]},{\"@type\":\"WebSite\",\"@id\":\"https:\/\/zlobekminimi.pl\/#website\",\"url\":\"https:\/\/zlobekminimi.pl\/\",\"name\":\"\u017b\u0142obek Minimi\",\"description\":\"\",\"potentialAction\":[{\"@type\":\"SearchAction\",\"target\":{\"@type\":\"EntryPoint\",\"urlTemplate\":\"https:\/\/zlobekminimi.pl\/?s={search_term_string}\"},\"query-input\":{\"@type\":\"PropertyValueSpecification\",\"valueRequired\":true,\"valueName\":\"search_term_string\"}}],\"inLanguage\":\"pl-PL\"}]}<\/script>\n<!-- \/ Yoast SEO plugin. -->","yoast_head_json":{"title":"O nas | \u017b\u0142obek Minimi","robots":{"index":"index","follow":"follow","max-snippet":"max-snippet:-1","max-image-preview":"max-image-preview:large","max-video-preview":"max-video-preview:-1"},"canonical":"https:\/\/zlobekminimi.pl\/index.php\/o-nas\/","og_locale":"pl_PL","og_type":"article","og_title":"O nas | \u017b\u0142obek Minimi","og_description":"\u017b\u0142obek Minimi W \u017b\u0142obku Minimi tworzymy szcz\u0119\u015bliwe dzieci\u0144stwo Jeste\u015bmy miejscem, gdzie dzieci odkrywaj\u0105 \u015bwiat w atmosferze mi\u0142o\u015bci, bezpiecze\u0144stwa i rado\u015bci. Wspieramy ich rozw\u00f3j przez zabaw\u0119, edukacj\u0119 i troskliw\u0105 opiek\u0119, zapewniaj\u0105c najlepszy start w przysz\u0142o\u015b\u0107. Miejsce pe\u0142ne ciep\u0142a i troski Nasz \u017c\u0142obek to przestrze\u0144, gdzie ka\u017cde dziecko czuje si\u0119 wyj\u0105tkowe i kochane. Dbamy o bezpiecze\u0144stwo, indywidualne [&hellip;]","og_url":"https:\/\/zlobekminimi.pl\/index.php\/o-nas\/","og_site_name":"\u017b\u0142obek Minimi","article_modified_time":"2025-06-10T08:43:12+00:00","og_image":[{"url":"http:\/\/zlobekminimi.pl\/wp-content\/uploads\/2025\/01\/MinimiKotekZasob-2@3x.png","type":"","width":"","height":""}],"twitter_card":"summary_large_image","twitter_misc":{"Szacowany czas czytania":"2 minuty"},"schema":{"@context":"https:\/\/schema.org","@graph":[{"@type":"WebPage","@id":"https:\/\/zlobekminimi.pl\/index.php\/o-nas\/","url":"https:\/\/zlobekminimi.pl\/index.php\/o-nas\/","name":"O nas | \u017b\u0142obek Minimi","isPartOf":{"@id":"https:\/\/zlobekminimi.pl\/#website"},"primaryImageOfPage":{"@id":"https:\/\/zlobekminimi.pl\/index.php\/o-nas\/#primaryimage"},"image":{"@id":"https:\/\/zlobekminimi.pl\/index.php\/o-nas\/#primaryimage"},"thumbnailUrl":"http:\/\/zlobekminimi.pl\/wp-content\/uploads\/2025\/01\/MinimiKotekZasob-2@3x.png","datePublished":"2025-01-21T15:47:01+00:00","dateModified":"2025-06-10T08:43:12+00:00","breadcrumb":{"@id":"https:\/\/zlobekminimi.pl\/index.php\/o-nas\/#breadcrumb"},"inLanguage":"pl-PL","potentialAction":[{"@type":"ReadAction","target":["https:\/\/zlobekminimi.pl\/index.php\/o-nas\/"]}]},{"@type":"ImageObject","inLanguage":"pl-PL","@id":"https:\/\/zlobekminimi.pl\/index.php\/o-nas\/#primaryimage","url":"https:\/\/zlobekminimi.pl\/wp-content\/uploads\/2025\/01\/MinimiKotekZasob-2@3x.png","contentUrl":"https:\/\/zlobekminimi.pl\/wp-content\/uploads\/2025\/01\/MinimiKotekZasob-2@3x.png","width":663,"height":1211},{"@type":"BreadcrumbList","@id":"https:\/\/zlobekminimi.pl\/index.php\/o-nas\/#breadcrumb","itemListElement":[{"@type":"ListItem","position":1,"name":"Strona g\u0142\u00f3wna","item":"https:\/\/zlobekminimi.pl\/"},{"@type":"ListItem","position":2,"name":"O nas"}]},{"@type":"WebSite","@id":"https:\/\/zlobekminimi.pl\/#website","url":"https:\/\/zlobekminimi.pl\/","name":"\u017b\u0142obek Minimi","description":"","potentialAction":[{"@type":"SearchAction","target":{"@type":"EntryPoint","urlTemplate":"https:\/\/zlobekminimi.pl\/?s={search_term_string}"},"query-input":{"@type":"PropertyValueSpecification","valueRequired":true,"valueName":"search_term_string"}}],"inLanguage":"pl-PL"}]}},"_links":{"self":[{"href":"https:\/\/zlobekminimi.pl\/index.php\/wp-json\/wp\/v2\/pages\/154","targetHints":{"allow":["GET"]}}],"collection":[{"href":"https:\/\/zlobekminimi.pl\/index.php\/wp-json\/wp\/v2\/pages"}],"about":[{"href":"https:\/\/zlobekminimi.pl\/index.php\/wp-json\/wp\/v2\/types\/page"}],"author":[{"embeddable":true,"href":"https:\/\/zlobekminimi.pl\/index.php\/wp-json\/wp\/v2\/users\/1"}],"replies":[{"embeddable":true,"href":"https:\/\/zlobekminimi.pl\/index.php\/wp-json\/wp\/v2\/comments?post=154"}],"version-history":[{"count":16,"href":"https:\/\/zlobekminimi.pl\/index.php\/wp-json\/wp\/v2\/pages\/154\/revisions"}],"predecessor-version":[{"id":418,"href":"https:\/\/zlobekminimi.pl\/index.php\/wp-json\/wp\/v2\/pages\/154\/revisions\/418"}],"wp:attachment":[{"href":"https:\/\/zlobekminimi.pl\/index.php\/wp-json\/wp\/v2\/media?parent=154"}],"curies":[{"name":"wp","href":"https:\/\/api.w.org\/{rel}","templated":true}]}}